{"id":718,"date":"2025-08-24T00:35:22","date_gmt":"2025-08-24T00:35:22","guid":{"rendered":"https:\/\/robinsonfowler.com\/blog\/?page_id=718"},"modified":"2025-08-24T00:38:20","modified_gmt":"2025-08-24T00:38:20","slug":"politica-de-cookies","status":"publish","type":"page","link":"https:\/\/robinsonfowler.com\/blog\/politica-de-cookies\/","title":{"rendered":"POL\u00cdTICA DE COOKIES"},"content":{"rendered":"\n<p class=\"has-black-color has-text-color has-link-color wp-elements-5860e68d90df71387274b7b62244169e\"><strong>Pol\u00edtica de Cookies<\/strong><\/p>\n\n\n\n<p class=\"has-black-color has-text-color has-link-color wp-elements-b55a14291bacf642e900b99b7186529a\"><strong>\u00bfQu\u00e9 son las cookies?<\/strong><br>Este sitio web utiliza cookies. Una cookie es un peque\u00f1o archivo de texto que se almacena en tu navegador cuando visitas casi cualquier p\u00e1gina web. Sirve para que el sitio recuerde tu visita cuando vuelvas a navegar por esa p\u00e1gina. Las cookies suelen almacenar informaci\u00f3n de car\u00e1cter t\u00e9cnico, preferencias personales, personalizaci\u00f3n de contenidos, estad\u00edsticas de uso, enlaces a redes sociales, acceso a cuentas de usuario, etc.<\/p>\n\n\n\n<p class=\"has-black-color has-text-color has-link-color wp-elements-6cebb57b4ac4b22126ef4876afc4d6d6\"><strong>\u00bfQu\u00e9 tipos de cookies usamos?<\/strong><\/p>\n\n\n\n<p class=\"has-black-color has-text-color has-link-color wp-elements-ce363acb762daed0129376981dcf8c89\"><strong>Cookies t\u00e9cnicas:<\/strong> Permiten al usuario la navegaci\u00f3n a trav\u00e9s del sitio web y el uso de las diferentes opciones o servicios que en ella existen.<\/p>\n\n\n\n<p class=\"has-black-color has-text-color has-link-color wp-elements-7a93ede64bf0b48ea5d6b6a80fa06bef\"><strong>Cookies de personalizaci\u00f3n: <\/strong>Permiten acceder al servicio con algunas caracter\u00edsticas predefinidas en funci\u00f3n de una serie de criterios en el terminal del usuario.<\/p>\n\n\n\n<p class=\"has-black-color has-text-color has-link-color wp-elements-485d04ef4b6e6904efe7315ec2505805\"><strong>Cookies de an\u00e1lisis:<\/strong> Permiten cuantificar el n\u00famero de usuarios y realizar la medici\u00f3n y an\u00e1lisis estad\u00edstico de la utilizaci\u00f3n que hacen los usuarios del sitio web.<\/p>\n\n\n\n<p class=\"has-black-color has-text-color has-link-color wp-elements-11bc4f41b64bb79a24895c1c0ee1fdc9\"><strong>Cookies publicitarias:<\/strong> Utilizadas por Google AdSense y terceros para mostrar anuncios relevantes seg\u00fan los intereses del usuario.<\/p>\n\n\n\n<p class=\"has-black-color has-text-color has-link-color wp-elements-3598a2148c914c0fe35c3a4545179965\"><strong>Cookies de terceros<\/strong><br>Este sitio puede utilizar servicios de terceros que, por cuenta de este sitio, recopilan informaci\u00f3n con fines estad\u00edsticos, de uso del sitio por parte del usuario y para la prestaci\u00f3n de otros servicios relacionados con la actividad del sitio web y otros servicios de Internet.<\/p>\n\n\n\n<p class=\"has-black-color has-text-color has-link-color wp-elements-0fbaffa06e625118121e73511a735ace\"><strong>Google AdSense<\/strong><br>Este sitio web muestra anuncios proporcionados por Google AdSense, un servicio de publicidad de Google. Google utiliza cookies para personalizar los anuncios que se muestran a los usuarios en funci\u00f3n de sus visitas anteriores a este y otros sitios web.<br>Puedes obtener m\u00e1s informaci\u00f3n sobre c\u00f3mo Google utiliza los datos en el siguiente enlace:<br>https:\/\/policies.google.com\/technologies\/ads<\/p>\n\n\n\n<p class=\"has-black-color has-text-color has-link-color wp-elements-85052a603f94d3caa448bacfb0cb83da\"><strong>Desactivaci\u00f3n o eliminaci\u00f3n de cookies<\/strong><br>Puedes permitir, bloquear o eliminar las cookies instaladas en tu equipo mediante la configuraci\u00f3n de las opciones del navegador que est\u00e9s utilizando. A continuaci\u00f3n, te indicamos enlaces con informaci\u00f3n sobre c\u00f3mo hacerlo en los navegadores m\u00e1s populares:<\/p>\n\n\n\n<p class=\"has-black-color has-text-color has-link-color wp-elements-4101013e6ea063fc73c35a09c6b99db1\">*Google Chrome<\/p>\n\n\n\n<p class=\"has-black-color has-text-color has-link-color wp-elements-456ba1d23157a807035cbe29781edf46\">*Mozilla Firefox<\/p>\n\n\n\n<p class=\"has-black-color has-text-color has-link-color wp-elements-0890e0e6e63d0167dbe67da788cd41b0\">*Safari<\/p>\n\n\n\n<p class=\"has-black-color has-text-color has-link-color wp-elements-5ab5829016945b0343864df2de6ffb56\">*Microsoft Edge<\/p>\n\n\n\n<p class=\"has-black-color has-text-color has-link-color wp-elements-9cb922b762d455604db2077170c87775\"><strong>Consentimiento<\/strong><br>Al continuar navegando por este sitio web, aceptas el uso de cookies en las condiciones contenidas en esta Pol\u00edtica de Cookies.<\/p>\n","protected":false},"excerpt":{"rendered":"<p>Pol\u00edtica de Cookies \u00bfQu\u00e9 son las cookies?Este sitio web utiliza cookies. Una cookie es un&#8230;<\/p>\n","protected":false},"author":1,"featured_media":0,"parent":0,"menu_order":0,"comment_status":"closed","ping_status":"closed","template":"","meta":{"footnotes":""},"class_list":["post-718","page","type-page","status-publish","hentry"],"_links":{"self":[{"href":"https:\/\/robinsonfowler.com\/blog\/wp-json\/wp\/v2\/pages\/718","targetHints":{"allow":["GET"]}}],"collection":[{"href":"https:\/\/robinsonfowler.com\/blog\/wp-json\/wp\/v2\/pages"}],"about":[{"href":"https:\/\/robinsonfowler.com\/blog\/wp-json\/wp\/v2\/types\/page"}],"author":[{"embeddable":true,"href":"https:\/\/robinsonfowler.com\/blog\/wp-json\/wp\/v2\/users\/1"}],"replies":[{"embeddable":true,"href":"https:\/\/robinsonfowler.com\/blog\/wp-json\/wp\/v2\/comments?post=718"}],"version-history":[{"count":2,"href":"https:\/\/robinsonfowler.com\/blog\/wp-json\/wp\/v2\/pages\/718\/revisions"}],"predecessor-version":[{"id":723,"href":"https:\/\/robinsonfowler.com\/blog\/wp-json\/wp\/v2\/pages\/718\/revisions\/723"}],"wp:attachment":[{"href":"https:\/\/robinsonfowler.com\/blog\/wp-json\/wp\/v2\/media?parent=718"}],"curies":[{"name":"wp","href":"https:\/\/api.w.org\/{rel}","templated":true}]}}